{"id":333,"date":"2024-07-04T09:02:07","date_gmt":"2024-07-04T09:02:07","guid":{"rendered":"https:\/\/yingkevietnam.com.vn\/?page_id=333"},"modified":"2024-11-28T10:06:22","modified_gmt":"2024-11-28T10:06:22","slug":"doi-ngu-luat-su-cua-chung-toi","status":"publish","type":"page","link":"https:\/\/yingkevietnam.com.vn\/?page_id=333","title":{"rendered":"\u0110\u1ed9i ng\u0169 lu\u1eadt s\u01b0 c\u1ee7a ch\u00fang t\u00f4i"},"content":{"rendered":"\r\n<div class=\"wp-block-media-text is-stacked-on-mobile\" style=\"grid-template-columns: 21% auto;\">\r\n<figure class=\"wp-block-media-text__media\"><img loading=\"lazy\" decoding=\"async\" width=\"522\" height=\"652\" class=\"wp-image-117 size-full\" src=\"https:\/\/yingkevietnam.com.vn\/wp-content\/uploads\/2024\/06\/dda824fd-c055-4517-91f0-be04c281a52c.jpg\" alt=\"\" srcset=\"https:\/\/yingkevietnam.com.vn\/wp-content\/uploads\/2024\/06\/dda824fd-c055-4517-91f0-be04c281a52c.jpg 522w, https:\/\/yingkevietnam.com.vn\/wp-content\/uploads\/2024\/06\/dda824fd-c055-4517-91f0-be04c281a52c-240x300.jpg 240w\" sizes=\"auto, (max-width: 522px) 100vw, 522px\" \/><\/figure>\r\n<div class=\"wp-block-media-text__content\">\r\n<p class=\"has-black-color has-text-color has-link-color wp-elements-f7c293a3d1fb507202e5a98e91fb1dbc\"><strong>Lu\u1eadt s\u01b0 <mark class=\"has-inline-color has-heading-color\" style=\"background-color: rgba(0, 0, 0, 0);\"><b>Z<\/b><\/mark><\/strong><mark class=\"has-inline-color has-heading-color\" style=\"background-color: rgba(0, 0, 0, 0);\"><b>hang Zhi Dan <\/b><\/mark><\/p>\r\n\r\n\r\n\r\n<ul class=\"wp-block-list\">\r\n<li>Tr\u01b0\u1edfng Chi nh\u00e1nh V\u0103n ph\u00f2ng lu\u1eadt s\u01b0 Yingke th\u00e0nh ph\u1ed1 B\u1eafc Kinh t\u1ea1i H\u00e0 N\u1ed9i<\/li>\r\n\r\n\r\n\r\n<li>Lu\u1eadt s\u01b0 ng\u01b0\u1eddi Trung Qu\u1ed1c<\/li>\r\n\r\n\r\n\r\n<li>C\u00f3 gi\u1ea5y ph\u00e9p h\u00e0nh ngh\u1ec1 lu\u1eadt s\u01b0 t\u1ea1i Trung Qu\u1ed1c v\u00e0 Vi\u1ec7t Nam<\/li>\r\n\r\n\r\n\r\n<li>C\u00f3 nhi\u1ec1u kinh nghi\u1ec7m trong l\u0129nh v\u1ef1c gi\u1ea3i quy\u1ebft tranh ch\u1ea5p li\u00ean quan \u0111\u1ebfn Vi\u1ec7t Nam v\u00e0 d\u1ecbch v\u1ee5 t\u01b0 v\u1ea5n ph\u00e1p lu\u1eadt Vi\u1ec7t Nam, \u0111\u01b0\u1ee3c b\u00ecnh ch\u1ecdn l\u00e0 th\u00e0nh vi\u00ean c\u1ee7a \u0110\u1ed9i ng\u0169 lu\u1eadt s\u01b0 d\u1ecbch v\u1ee5 ph\u00e1p lu\u1eadt n\u01b0\u1edbc ngo\u00e0i c\u1ee7a Qu\u1ea3ng T\u00e2y v\u00e0 m\u1ed9t trong nh\u1eefng h\u00f2a gi\u1ea3i vi\u00ean \u0111\u1ea7u ti\u00ean c\u1ee7a Trung t\u00e2m h\u00f2a gi\u1ea3i th\u01b0\u01a1ng m\u1ea1i qu\u1ed1c t\u1ebf c\u1ee7a Qu\u1ea3ng T\u00e2y<\/li>\r\n\r\n\r\n\r\n<li>L\u0129nh v\u1ef1c chuy\u00ean m\u00f4n:\u00a0Chu\u1ed7i d\u1ecbch v\u1ee5 \u0111\u1ea7u t\u01b0 v\u00e0 M&amp;A t\u1ea1i Vi\u1ec7t Nam, tu\u00e2n th\u1ee7 ph\u00e1p lu\u1eadt c\u1ee7a doanh nghi\u1ec7p, gi\u1ea3i\u00a0quy\u1ebft tranh ch\u1ea5p d\u00e2n s\u1ef1 v\u00e0 th\u01b0\u01a1ng m\u1ea1i li\u00ean quan \u0111\u1ebfn Vi\u1ec7t Nam<\/li>\r\n<\/ul>\r\n<\/div>\r\n<\/div>\r\n\r\n\r\n\r\n<div class=\"wp-block-media-text is-stacked-on-mobile\" style=\"grid-template-columns: 21% auto;\">\r\n<figure class=\"wp-block-media-text__media\"><img loading=\"lazy\" decoding=\"async\" width=\"438\" height=\"548\" class=\"wp-image-121 size-full\" src=\"https:\/\/yingkevietnam.com.vn\/wp-content\/uploads\/2024\/06\/31c7b2c1-c667-43cf-a037-83f383f73668.png\" alt=\"\" srcset=\"https:\/\/yingkevietnam.com.vn\/wp-content\/uploads\/2024\/06\/31c7b2c1-c667-43cf-a037-83f383f73668.png 438w, https:\/\/yingkevietnam.com.vn\/wp-content\/uploads\/2024\/06\/31c7b2c1-c667-43cf-a037-83f383f73668-240x300.png 240w\" sizes=\"auto, (max-width: 438px) 100vw, 438px\" \/><\/figure>\r\n<div class=\"wp-block-media-text__content\">\r\n<p><strong><mark class=\"has-inline-color has-heading-color\" style=\"background-color: rgba(0, 0, 0, 0);\">Lu\u1eadt s\u01b0 Lu Min Yang <\/mark><\/strong><\/p>\r\n\r\n\r\n\r\n<ul class=\"wp-block-list\">\r\n<li>Ph\u00f3 Tr\u01b0\u1edfng Chi nh\u00e1nh V\u0103n ph\u00f2ng lu\u1eadt s\u01b0 Yingke th\u00e0nh ph\u1ed1 B\u1eafc Kinh t\u1ea1i H\u00e0 N\u1ed9i<\/li>\r\n\r\n\r\n\r\n<li>Lu\u1eadt s\u01b0 ng\u01b0\u1eddi Trung Qu\u1ed1c<\/li>\r\n\r\n\r\n\r\n<li>C\u00f3 gi\u1ea5y ph\u00e9p h\u00e0nh ngh\u1ec1 lu\u1eadt s\u01b0 t\u1ea1i Trung Qu\u1ed1c v\u00e0 Vi\u1ec7t Nam<\/li>\r\n\r\n\r\n\r\n<li>C\u00f3 nhi\u1ec1u kinh nghi\u1ec7m l\u00e0m vi\u1ec7c trong c\u00e1c c\u01a1 quan h\u00e0nh ch\u00ednh tr\u01b0\u1edbc khi chuy\u1ec3n sang h\u00e0nh ngh\u1ec1 lu\u1eadt s\u01b0, \u0111\u1ed3ng th\u1eddi c\u00f3 tr\u00ecnh \u0111\u1ed9 chuy\u00ean m\u00f4n nh\u01b0 th\u1ea9m \u0111\u1ecbnh vi\u00ean \u0111\u00e1nh gi\u00e1 \u0111\u1ea5t \u0111ai, \u0111\u1ea1i l\u00fd \u0111\u0103ng k\u00fd b\u1ea5t \u0111\u1ed9ng s\u1ea3n, ch\u1ee7 tr\u00ec \u0111\u1ea5u gi\u00e1 \u0111\u1ea5t \u0111ai,&#8230;<\/li>\r\n\r\n\r\n\r\n<li>L\u0129nh v\u1ef1c chuy\u00ean m\u00f4n: Chuy\u00ean v\u1ec1 c\u00e1c v\u1ee5 vi\u1ec7c li\u00ean quan \u0111\u1ebfn c\u01a1 quan h\u00e0nh ch\u00ednh, tranh ch\u1ea5p \u0111\u1ea5t \u0111ai, th\u01b0\u01a1ng m\u1ea1i xuy\u00ean bi\u00ean gi\u1edbi, ph\u00e1p lu\u1eadt li\u00ean quan \u0111\u1ebfn Vi\u1ec7t Nam v\u00e0 n\u01b0\u1edbc ngo\u00e0i<\/li>\r\n<\/ul>\r\n<\/div>\r\n<\/div>\r\n\r\n\r\n\r\n<div class=\"wp-block-media-text is-stacked-on-mobile\" style=\"grid-template-columns: 21% auto;\">\r\n<figure class=\"wp-block-media-text__media\"><\/figure>\r\n<\/div>\r\n\r\n\r\n\r\n<div class=\"wp-block-media-text is-stacked-on-mobile\" style=\"grid-template-columns: 21% auto;\">\r\n<figure class=\"wp-block-media-text__media\"><img loading=\"lazy\" decoding=\"async\" width=\"302\" height=\"377\" class=\"wp-image-123 size-full\" src=\"https:\/\/yingkevietnam.com.vn\/wp-content\/uploads\/2024\/06\/311fb426-27c7-4530-8199-f0e13eb8cb76.png\" alt=\"\" srcset=\"https:\/\/yingkevietnam.com.vn\/wp-content\/uploads\/2024\/06\/311fb426-27c7-4530-8199-f0e13eb8cb76.png 302w, https:\/\/yingkevietnam.com.vn\/wp-content\/uploads\/2024\/06\/311fb426-27c7-4530-8199-f0e13eb8cb76-240x300.png 240w\" sizes=\"auto, (max-width: 302px) 100vw, 302px\" \/><\/figure>\r\n<div class=\"wp-block-media-text__content\">\r\n<p><strong><mark class=\"has-inline-color has-heading-color\" style=\"background-color: rgba(0, 0, 0, 0);\">Lu\u1eadt s\u01b0 \u0110\u1ed7 Th\u1ecb B\u00edch<\/mark><\/strong><\/p>\r\n\r\n\r\n\r\n<ul class=\"wp-block-list\">\r\n<li>Lu\u1eadt s\u01b0 Vi\u1ec7t Nam<\/li>\r\n\r\n\r\n\r\n<li>T\u1ed1t nghi\u1ec7p \u0110\u1ea1i h\u1ecdc Lu\u1eadt, \u0110\u1ea1i h\u1ecdc Qu\u1ed1c gia H\u00e0 N\u1ed9i, chuy\u00ean ng\u00e0nh lu\u1eadt kinh t\u1ebf lao \u0111\u1ed9ng<\/li>\r\n\r\n\r\n\r\n<li>L\u0129nh v\u1ef1c chuy\u00ean m\u00f4n: Ph\u00fac th\u1ea9m h\u00e0nh ch\u00ednh Vi\u1ec7t Nam, quy\u1ec1n s\u1edf h\u1eefu tr\u00ed tu\u1ec7, th\u1ef1c hi\u1ec7n th\u1ee7 t\u1ee5c xin c\u00e1c lo\u1ea1i gi\u1ea5y ph\u00e9p<\/li>\r\n<\/ul>\r\n<\/div>\r\n<\/div>\r\n\r\n\r\n\r\n<div class=\"wp-block-media-text is-stacked-on-mobile\" style=\"grid-template-columns: 21% auto;\">\r\n<div class=\"wp-block-media-text__content\">\r\n<ul>\r\n<li>\u00a0<\/li>\r\n<\/ul>\r\n<!-- \/wp:post-content --><\/div>\r\n<\/div>\r\n<!-- \/wp:media-text -->\r\n\r\n<!-- wp:paragraph -->\r\n<p>&nbsp;<\/p>\r\n<!-- \/wp:paragraph -->","protected":false},"excerpt":{"rendered":"<p>\u00a0 &nbsp;<\/p>\n","protected":false},"author":1,"featured_media":0,"parent":0,"menu_order":0,"comment_status":"closed","ping_status":"closed","template":"","meta":{"postBodyMargin":[],"postBodyPadding":[],"postBodyBackground":{"backgroundType":"classic","gradient":""},"footnotes":""},"class_list":["post-333","page","type-page","status-publish","hentry"],"_links":{"self":[{"href":"https:\/\/yingkevietnam.com.vn\/index.php?rest_route=\/wp\/v2\/pages\/333","targetHints":{"allow":["GET"]}}],"collection":[{"href":"https:\/\/yingkevietnam.com.vn\/index.php?rest_route=\/wp\/v2\/pages"}],"about":[{"href":"https:\/\/yingkevietnam.com.vn\/index.php?rest_route=\/wp\/v2\/types\/page"}],"author":[{"embeddable":true,"href":"https:\/\/yingkevietnam.com.vn\/index.php?rest_route=\/wp\/v2\/users\/1"}],"replies":[{"embeddable":true,"href":"https:\/\/yingkevietnam.com.vn\/index.php?rest_route=%2Fwp%2Fv2%2Fcomments&post=333"}],"version-history":[{"count":5,"href":"https:\/\/yingkevietnam.com.vn\/index.php?rest_route=\/wp\/v2\/pages\/333\/revisions"}],"predecessor-version":[{"id":1190,"href":"https:\/\/yingkevietnam.com.vn\/index.php?rest_route=\/wp\/v2\/pages\/333\/revisions\/1190"}],"wp:attachment":[{"href":"https:\/\/yingkevietnam.com.vn\/index.php?rest_route=%2Fwp%2Fv2%2Fmedia&parent=333"}],"curies":[{"name":"wp","href":"https:\/\/api.w.org\/{rel}","templated":true}]}}